{"id":51,"date":"2016-03-16T10:48:55","date_gmt":"2016-03-16T09:48:55","guid":{"rendered":"http:\/\/server.diylab.si\/dkd-svoboda\/wordpress\/?page_id=51"},"modified":"2025-05-23T12:31:51","modified_gmt":"2025-05-23T10:31:51","slug":"vodstvo","status":"publish","type":"page","link":"https:\/\/www.svoboda-senovo.si\/index.php\/vodstvo\/","title":{"rendered":"Vodstvo"},"content":{"rendered":"<p><strong>IZVR\u0160NI ODBOR:<\/strong><\/p>\n<p>PREDSEDNIK: JO\u017dE \u0160OLN<br \/>\n<a href=\"mailto:joze.soln@gmail.com\" target=\"_blank\" rel=\"noopener\">elektronska po\u0161ta<\/a>, GSM: O41-598-223<\/p>\n<p>PODPREDSEDNIK: MATEJ UL\u010cNIK<br \/>\n<a href=\"mailto:matej.ulcnik@hotmail.com\" target=\"_blank\" rel=\"noopener\">elektronska po\u0161ta<\/a>, GSM: O41-944-361<\/p>\n<p>TAJNICA: VLASTA MO\u0160KON<br \/>\n<a href=\"mailto:vlasta.moskon@yahoo.com\" target=\"_blank\" rel=\"noopener\">elektronska po\u0161ta<\/a><\/p>\n<p>BLAGAJNI\u010cARKA: HELENA POZNI\u010c<br \/>\n<a href=\"mailto:helena.poznic@gmail.com\" target=\"_blank\" rel=\"noopener\">elektronska po\u0161ta<\/a><\/p>\n<p>GOSPODAR: JANEZ KRANJC<\/p>\n<p>PREDSTAVNIKI SEKCIJ:<\/p>\n<p>GLEDALI\u0160KA SEKCIJA:<\/p>\n<p>DAVID RADEJ &#8211; vodja sekcije, \u010dlan IO<br \/>\n<a href=\"mailto:dr.ronin23@gmail.com\" target=\"_blank\" rel=\"noopener\">elektronska po\u0161ta<\/a>, GSM: O31-770-500<\/p>\n<p>ANDREJA BRILI &#8211; \u010dlanica IO<br \/>\n<a href=\"mailto:andreja.brili@gmail.com\" target=\"_blank\" rel=\"noopener\">elektronska po\u0161ta<\/a><\/p>\n<p><a href=\"mailto:fssenovo@gmail.com\" target=\"_blank\" rel=\"noopener\">FOLKLORNA SEKCIJA<\/a>:<\/p>\n<p>BOJAN VOV\u010cKO &#8211; vodja sekcije, \u010dlan IO<br \/>\n<a href=\"mailto:bojanvovcko@gmail.com\" target=\"_blank\" rel=\"noopener\">elektronska po\u0161ta<\/a>, GSM: O51-632-689<\/p>\n<p>ANDREJA ZAGORC &#8211; \u010dlanica IO<\/p>\n<p>PIHALNI ORKESTER:<\/p>\n<p>SIMON TOVORNIK &#8211; vodja sekcije, \u010dlan IO<br \/>\n<a href=\"mailto:tovornik.simon@gmail.com\" target=\"_blank\" rel=\"noopener\">elektronska po\u0161ta<\/a>, GSM 040-546-278<\/p>\n<p>BARBARA RADI &#8211; \u010dlanica IO<\/p>\n<p>LUTKOVNA SEKCIJA:<\/p>\n<p>IRENA KOZOLE &#8211; vodja sekcije, \u010dlanica IO<\/p>\n<p>KARMEN PERME &#8211; \u010dlanica IO<\/p>\n<p><strong>NADZORNI ODBOR:<\/strong><\/p>\n<p>ANTON GORENC (pihalni orkester)<br \/>\n<a href=\"mailto:anton.gorenc@gmail.com\" target=\"_blank\" rel=\"noopener\">elektronska po\u0161ta<\/a><\/p>\n<p>JANEZ PLANINC (pihalni orkester)<br \/>\n<a href=\"mailto:janez.planinc8@gmail.com\" target=\"_blank\" rel=\"noopener\">elektronska po\u0161ta<\/a><\/p>\n<p>ANTON PETROVI\u010c (folklorna sekcija)<br \/>\n<a href=\"mailto:anton.petrovic@gmail.com\" target=\"_blank\" rel=\"noopener\">elektronska po\u0161ta<\/a><\/p>\n<p>AVGUST FABJAN\u010cI\u010c &#8211; nadomestni \u010dlan (gledali\u0161ka sekcija)<\/p>\n<p>VIDA DVOR\u0160EK &#8211; nadomestna \u010dlanica<\/p>\n<p>&nbsp;<\/p>\n<p><strong>\u010cASTNO RAZSODI\u0160\u010cE:<\/strong><\/p>\n<p>NATALIJA KOS BAH\u010cI\u010c &#8211; \u010dlanica<\/p>\n<p>MARJAN POZNI\u010c &#8211; \u010dlan<\/p>\n<p>BO\u017dA OJSTER\u0160EK &#8211; \u010dlanica<\/p>\n<p>RADICA KNEZ &#8211; nadomestna \u010dlanica<\/p>\n<p>BOR MITROVI\u010c &#8211; nadomestni \u010dlan<\/p>\n","protected":false},"excerpt":{"rendered":"<p>IZVR\u0160NI ODBOR: PREDSEDNIK: JO\u017dE \u0160OLN elektronska po\u0161ta, GSM: O41-598-223 PODPREDSEDNIK: MATEJ UL\u010cNIK elektronska po\u0161ta, GSM: O41-944-361 TAJNICA: VLASTA MO\u0160KON elektronska po\u0161ta BLAGAJNI\u010cARKA: HELENA POZNI\u010c elektronska po\u0161ta GOSPODAR: JANEZ KRANJC PREDSTAVNIKI SEKCIJ: GLEDALI\u0160KA SEKCIJA: DAVID&#46;&#46;&#46;<\/p>\n","protected":false},"author":1,"featured_media":0,"parent":0,"menu_order":0,"comment_status":"closed","ping_status":"closed","template":"","meta":{"spay_email":""},"jetpack_sharing_enabled":true,"jetpack_shortlink":"https:\/\/wp.me\/P8fvCk-P","jetpack-related-posts":[{"id":205,"url":"https:\/\/www.svoboda-senovo.si\/index.php\/o-orkestru\/","url_meta":{"origin":51,"position":0},"title":"O orkestru","date":"30. 12. 2016","format":false,"excerpt":"Pihalni orkester Delavsko-kulturnega dru\u0161tva Svoboda Senovo je bil ustanovljen leta 1928. Ustanovili so ga senovski rudarji in tako je nastala tedanja rudarska godba. Godba je delovala neprekinjeno tudi med 2. svetovno vojno, ko so vsi od\u0161li v partizane in tam ustanovili godbo Kozjanskega odreda. Po vojni je bilo kar precej\u2026","rel":"","context":"Similar post","img":{"alt_text":"","src":"","width":0,"height":0},"classes":[]},{"id":20,"url":"https:\/\/www.svoboda-senovo.si\/index.php\/lutkovna-sekcija\/","url_meta":{"origin":51,"position":1},"title":"LUTKOVNA SEKCIJA","date":"16. 3. 2016","format":false,"excerpt":"Lutkovna skupina DKD Svoboda Senovo je bila ustanovljena v za\u010detku leta 2010. S tem se je po pribli\u017eno petih desetletjih v dru\u0161tvu ponovno obudilo lutkarstvo. Na ustanovnem sestanku, na katerem je bilo prisotnih 7 \u010dlanov dru\u0161tva, smo se dogovorili, da se bomo spoprijeli tako z izdelavo lutk, scene in scenskih\u2026","rel":"","context":"Similar post","img":{"alt_text":"","src":"","width":0,"height":0},"classes":[]},{"id":16,"url":"https:\/\/www.svoboda-senovo.si\/index.php\/folklorna-sekcija\/","url_meta":{"origin":51,"position":2},"title":"FOLKLORNA SEKCIJA","date":"15. 3. 2016","format":false,"excerpt":"","rel":"","context":"Similar post","img":{"alt_text":"","src":"","width":0,"height":0},"classes":[]},{"id":9,"url":"https:\/\/www.svoboda-senovo.si\/index.php\/gledaliska-sekcija\/","url_meta":{"origin":51,"position":3},"title":"Gledali\u0161ka sekcija","date":"15. 3. 2016","format":false,"excerpt":"V kraju deluje gledali\u0161ka skupina \u017ee od leta 1923, torej je pred leti praznovala 80-letnico obstoja. Deluje ve\u010d ali manj stalno, obdobje, ko ni bilo predstav, je bilo le med vojno, a je po njej, v osvoboditveni evforiji in \u010dasu obnove, prirejala tudi po ve\u010d premier letno. \u010clanstvo v njej\u2026","rel":"","context":"Similar post","img":{"alt_text":"","src":"","width":0,"height":0},"classes":[]},{"id":289,"url":"https:\/\/www.svoboda-senovo.si\/index.php\/folklorna-sekcija\/o-folklorni-sekciji\/","url_meta":{"origin":51,"position":4},"title":"O folklorni sekciji","date":"4. 6. 2017","format":false,"excerpt":"Folklorna skupina DKD Svoboda Senovo, ki je tudi edina folklorna skupina v Ob\u010dini Kr\u0161ko, je bila ustanovljena 8. decembra 1982 in v letu 2017 praznuje 35 let uspe\u0161nega dela. V osnovi je reproduktivna skupina, ki izvaja plese, pesmi in obi\u010daje \u0160tajerske, Pohorja, Zgornje Dravske doline, Prekmurja, Kozjanskega, Koro\u0161ke in Gorenjske.\u2026","rel":"","context":"Similar post","img":{"alt_text":"","src":"","width":0,"height":0},"classes":[]},{"id":62,"url":"https:\/\/www.svoboda-senovo.si\/index.php\/folklorna-sekcija\/plesi\/","url_meta":{"origin":51,"position":5},"title":"Plesi","date":"8. 4. 2016","format":false,"excerpt":"Kozjanski: Fantovske igre \u0160pegu Pov\u0161ter tanc Zvezda Kovtri Ples s stoli \u0160tajerska botrija: Kurji taj\u010d Cvaj\u0161rit \u0160tajeri\u0161 mazurka Ma\u0161erjanka Galop Krajc polka Vzhodno\u0161tajerski plesi: \u0160tajeri\u0161 (ima menjajo\u010di ritem: 3\/4 in 2\/4, kar je posebnost) Krajc polka ali patikater Plesa\u010dki ples ali pobre\u0161ka polka \u0160oti\u0161 polka Polka z odskoki \u0160oti\u0161i Mazurka\u2026","rel":"","context":"Similar post","img":{"alt_text":"","src":"","width":0,"height":0},"classes":[]}],"_links":{"self":[{"href":"https:\/\/www.svoboda-senovo.si\/index.php\/wp-json\/wp\/v2\/pages\/51"}],"collection":[{"href":"https:\/\/www.svoboda-senovo.si\/index.php\/wp-json\/wp\/v2\/pages"}],"about":[{"href":"https:\/\/www.svoboda-senovo.si\/index.php\/wp-json\/wp\/v2\/types\/page"}],"author":[{"embeddable":true,"href":"https:\/\/www.svoboda-senovo.si\/index.php\/wp-json\/wp\/v2\/users\/1"}],"replies":[{"embeddable":true,"href":"https:\/\/www.svoboda-senovo.si\/index.php\/wp-json\/wp\/v2\/comments?post=51"}],"version-history":[{"count":16,"href":"https:\/\/www.svoboda-senovo.si\/index.php\/wp-json\/wp\/v2\/pages\/51\/revisions"}],"predecessor-version":[{"id":1232,"href":"https:\/\/www.svoboda-senovo.si\/index.php\/wp-json\/wp\/v2\/pages\/51\/revisions\/1232"}],"wp:attachment":[{"href":"https:\/\/www.svoboda-senovo.si\/index.php\/wp-json\/wp\/v2\/media?parent=51"}],"curies":[{"name":"wp","href":"https:\/\/api.w.org\/{rel}","templated":true}]}}