{"id":47,"date":"2016-03-16T10:15:31","date_gmt":"2016-03-16T09:15:31","guid":{"rendered":"http:\/\/server.diylab.si\/dkd-svoboda\/wordpress\/?page_id=47"},"modified":"2026-03-23T20:36:00","modified_gmt":"2026-03-23T19:36:00","slug":"akti","status":"publish","type":"page","link":"https:\/\/www.svoboda-senovo.si\/index.php\/drustvo\/akti\/","title":{"rendered":"Akti"},"content":{"rendered":"<p>Na spodnjih povezavah so vam na voljo akti dru\u0161tva.<\/p>\n<p><a href=\"https:\/\/www.svoboda-senovo.si\/wp-content\/uploads\/2026\/03\/STATUT-DKD-2017.pdf\" target=\"_blank\" rel=\"noopener\">STATUT<\/a><\/p>\n<p><a href=\"https:\/\/www.svoboda-senovo.si\/wp-content\/uploads\/2026\/03\/Aneks-k-Statutu-DKD-Svoboda-Senovo.pdf\" target=\"_blank\" rel=\"noopener\">ANEKS K STATUTU<\/a><\/p>\n<p><a href=\"https:\/\/www.svoboda-senovo.si\/wp-content\/uploads\/2020\/12\/DKD-SVOBODA-SENOVO-PRISTOPNA-IZJAVA.pdf\">PRISTOPNA IZJAVA<\/a><\/p>\n<p><a href=\"https:\/\/www.svoboda-senovo.si\/wp-content\/uploads\/2023\/03\/POSLOVNIK-DKD-prenovljen.pdf\">POSLOVNIK DKD- prenovljen<\/a><\/p>\n","protected":false},"excerpt":{"rendered":"<p>Na spodnjih povezavah so vam na voljo akti dru\u0161tva. STATUT ANEKS K STATUTU PRISTOPNA IZJAVA POSLOVNIK DKD- prenovljen<\/p>\n","protected":false},"author":1,"featured_media":0,"parent":7,"menu_order":0,"comment_status":"closed","ping_status":"closed","template":"","meta":{"spay_email":""},"jetpack_sharing_enabled":true,"jetpack_shortlink":"https:\/\/wp.me\/P8fvCk-L","jetpack-related-posts":[{"id":20,"url":"https:\/\/www.svoboda-senovo.si\/index.php\/lutkovna-sekcija\/","url_meta":{"origin":47,"position":0},"title":"LUTKOVNA SEKCIJA","date":"16. 3. 2016","format":false,"excerpt":"Lutkovna skupina DKD Svoboda Senovo je bila ustanovljena v za\u010detku leta 2010. S tem se je po pribli\u017eno petih desetletjih v dru\u0161tvu ponovno obudilo lutkarstvo. Na ustanovnem sestanku, na katerem je bilo prisotnih 7 \u010dlanov dru\u0161tva, smo se dogovorili, da se bomo spoprijeli tako z izdelavo lutk, scene in scenskih\u2026","rel":"","context":"Similar post","img":{"alt_text":"","src":"","width":0,"height":0},"classes":[]},{"id":289,"url":"https:\/\/www.svoboda-senovo.si\/index.php\/folklorna-sekcija\/o-folklorni-sekciji\/","url_meta":{"origin":47,"position":1},"title":"O folklorni sekciji","date":"4. 6. 2017","format":false,"excerpt":"Folklorna skupina DKD Svoboda Senovo, ki je tudi edina folklorna skupina v Ob\u010dini Kr\u0161ko, je bila ustanovljena 8. decembra 1982 in v letu 2017 praznuje 35 let uspe\u0161nega dela. V osnovi je reproduktivna skupina, ki izvaja plese, pesmi in obi\u010daje \u0160tajerske, Pohorja, Zgornje Dravske doline, Prekmurja, Kozjanskega, Koro\u0161ke in Gorenjske.\u2026","rel":"","context":"Similar post","img":{"alt_text":"","src":"","width":0,"height":0},"classes":[]},{"id":132,"url":"https:\/\/www.svoboda-senovo.si\/index.php\/obvestilnik\/","url_meta":{"origin":47,"position":2},"title":"Obvestilnik","date":"30. 12. 2016","format":false,"excerpt":"V kolikor bi \u017eeleli prejemati ob\u010dasna obvestila o dogodkih in drugem dogajanju dru\u0161tva, se na spodnjem obrazcu prijavite na obvestilnik. S prejemanja elektronske po\u0161te se lahko vedno odjavite na povezavi v dnu elektronskega sporo\u010dila.","rel":"","context":"Similar post","img":{"alt_text":"","src":"","width":0,"height":0},"classes":[]},{"id":205,"url":"https:\/\/www.svoboda-senovo.si\/index.php\/o-orkestru\/","url_meta":{"origin":47,"position":3},"title":"O orkestru","date":"30. 12. 2016","format":false,"excerpt":"Pihalni orkester Delavsko-kulturnega dru\u0161tva Svoboda Senovo je bil ustanovljen leta 1928. Ustanovili so ga senovski rudarji in tako je nastala tedanja rudarska godba. Godba je delovala neprekinjeno tudi med 2. svetovno vojno, ko so vsi od\u0161li v partizane in tam ustanovili godbo Kozjanskega odreda. Po vojni je bilo kar precej\u2026","rel":"","context":"Similar post","img":{"alt_text":"","src":"","width":0,"height":0},"classes":[]},{"id":44,"url":"https:\/\/www.svoboda-senovo.si\/index.php\/drustvo\/zgodovina\/","url_meta":{"origin":47,"position":4},"title":"Zgodovina","date":"16. 3. 2016","format":false,"excerpt":"Veliko senovskih delavcev je bilo pred zaposlitvijo na Senovem zaposlenih v drugih slovenskih premogovnikih in tudi v tujini. Tam so videli, da imajo tako rudarji kot premogarji in fu\u017einarji svoje uniforme in zastave, ki dajejo ob posebnih prilo\u017enostih tudi zunanjo veljavo njihovemu stanu. Morda je \u017eeljo po takem lastnem dru\u0161tvu\u2026","rel":"","context":"Similar post","img":{"alt_text":"","src":"","width":0,"height":0},"classes":[]},{"id":203,"url":"https:\/\/www.svoboda-senovo.si\/index.php\/zgodovina-orkestra\/","url_meta":{"origin":47,"position":5},"title":"Zgodovina orkestra","date":"30. 12. 2016","format":false,"excerpt":"Ustanovitelji godbe so bili napredni delavci II. rudarske skupine in \"Svobode\". \u017de leta 1921 so ti delavci za\u010deli zbirati denar v godbenem fondu. Alojz Kralj, dober glasbenik, zaposlen v premogovniku je pri\u0161el k Jo\u017eetu Rihterju s predlogom o ustanovitvi delavske godbe. Le-ta je predlog posredoval direktorju, in\u017e. Alojzu Kolki, ki\u2026","rel":"","context":"Similar post","img":{"alt_text":"","src":"","width":0,"height":0},"classes":[]}],"_links":{"self":[{"href":"https:\/\/www.svoboda-senovo.si\/index.php\/wp-json\/wp\/v2\/pages\/47"}],"collection":[{"href":"https:\/\/www.svoboda-senovo.si\/index.php\/wp-json\/wp\/v2\/pages"}],"about":[{"href":"https:\/\/www.svoboda-senovo.si\/index.php\/wp-json\/wp\/v2\/types\/page"}],"author":[{"embeddable":true,"href":"https:\/\/www.svoboda-senovo.si\/index.php\/wp-json\/wp\/v2\/users\/1"}],"replies":[{"embeddable":true,"href":"https:\/\/www.svoboda-senovo.si\/index.php\/wp-json\/wp\/v2\/comments?post=47"}],"version-history":[{"count":7,"href":"https:\/\/www.svoboda-senovo.si\/index.php\/wp-json\/wp\/v2\/pages\/47\/revisions"}],"predecessor-version":[{"id":1314,"href":"https:\/\/www.svoboda-senovo.si\/index.php\/wp-json\/wp\/v2\/pages\/47\/revisions\/1314"}],"up":[{"embeddable":true,"href":"https:\/\/www.svoboda-senovo.si\/index.php\/wp-json\/wp\/v2\/pages\/7"}],"wp:attachment":[{"href":"https:\/\/www.svoboda-senovo.si\/index.php\/wp-json\/wp\/v2\/media?parent=47"}],"curies":[{"name":"wp","href":"https:\/\/api.w.org\/{rel}","templated":true}]}}