{"id":289,"date":"2017-06-04T19:06:28","date_gmt":"2017-06-04T17:06:28","guid":{"rendered":"https:\/\/www.svoboda-senovo.si\/?page_id=289"},"modified":"2017-06-04T19:06:28","modified_gmt":"2017-06-04T17:06:28","slug":"o-folklorni-sekciji","status":"publish","type":"page","link":"https:\/\/www.svoboda-senovo.si\/index.php\/folklorna-sekcija\/o-folklorni-sekciji\/","title":{"rendered":"O folklorni sekciji"},"content":{"rendered":"<p class=\"western\" align=\"justify\">Folklorna skupina DKD Svoboda Senovo, ki je tudi edina folklorna skupina v Ob\u010dini Kr\u0161ko, je bila ustanovljena 8. decembra 1982 in v letu 2017 praznuje 35 let uspe\u0161nega dela.<\/p>\n<p class=\"western\" align=\"justify\"><a name=\"_GoBack\"><\/a> V osnovi je reproduktivna skupina, ki izvaja plese, pesmi in obi\u010daje \u0160tajerske, Pohorja, Zgornje Dravske doline, Prekmurja, Kozjanskega, Koro\u0161ke in Gorenjske. Za splete iz teh pokrajin skupina razpolaga s kvalitetnimi kostumi. Skupina je \u017ee vrsto let \u010dlanica Zveze ljudskih tradicijskih skupin Slovenije (CIOFF Slovenije) in je tako \u017ee ve\u010dkrat sodelovala na mednarodnih (tudi CIOFF-ovih ) festivalih (2011 &#8211; Kupres (BIH), 2012 &#8211; Derventa (BIH), 2014 \u2013 Veles (Makedonija) in 2015 \u2013 Srebrenik (BIH)).<\/p>\n<p class=\"western\" align=\"justify\">Letno ima skupina med 25 in 30 nastopov, ve\u010dinoma nepla\u010danih. Gostovala je v razli\u010dnih krajih v domovini, v tujini pa na Mad\u017earskem, v Nem\u010diji, Franciji, Makedoniji, BIH, Romuniji in ve\u010dkrat tudi na Hrva\u0161kem. S skupinami iz Hrva\u0161ke imajo Senov\u010dani pristne prijateljske stike, saj vsako leto organizirajo tudi prireditev Folklora brez meja, na katero povabijo skupine iz sosednje Hrva\u0161ke, \u010de je mo\u017eno pa tudi skupine iz drugih dr\u017eav.<\/p>\n<p class=\"western\" align=\"justify\">Skoraj ni dru\u0161tva ali ustanove v Ob\u010dini Kr\u0161ko s katero ne bi sodelovali na prireditvah, kjer predstavljajo bogato slovensko ljudsko izro\u010dilo. Ve\u010dkrat so del protokolarnih aktivnosti (otvoritev, prireditev, proslav) ali pedago\u0161kih aktivnosti, kjer sodelujejo s \u0161olami, vrtci, domovi starej\u0161ih ob\u010danov,&#8230;. Udele\u017eujejo pa se tudi vsakoletnih sre\u010danj folklornih skupin, ki jih organizira JSKD, kjer dosegajo regijski nivo, kar je skupini \u0161e posebej v ponos.<\/p>\n<p class=\"western\" align=\"justify\">Na plesnem podro\u010dju skupino vodijo Anton Petrovi\u010d, ki je tudi ustanovni \u010dlan skupine, Bojan Vov\u010dko ter Tatjana Udu\u010d, na god\u010devskem in pevskem podro\u010dju pa skupina deluje pod taktirko Janka Avsenaka.<\/p>\n","protected":false},"excerpt":{"rendered":"<p>Folklorna skupina DKD Svoboda Senovo, ki je tudi edina folklorna skupina v Ob\u010dini Kr\u0161ko, je bila ustanovljena 8. decembra 1982 in v letu 2017 praznuje 35 let uspe\u0161nega dela. V osnovi je reproduktivna skupina,&#46;&#46;&#46;<\/p>\n","protected":false},"author":1,"featured_media":0,"parent":16,"menu_order":0,"comment_status":"closed","ping_status":"closed","template":"","meta":{"spay_email":""},"jetpack_sharing_enabled":true,"jetpack_shortlink":"https:\/\/wp.me\/P8fvCk-4F","jetpack-related-posts":[{"id":9,"url":"https:\/\/www.svoboda-senovo.si\/index.php\/gledaliska-sekcija\/","url_meta":{"origin":289,"position":0},"title":"Gledali\u0161ka sekcija","date":"15. 3. 2016","format":false,"excerpt":"V kraju deluje gledali\u0161ka skupina \u017ee od leta 1923, torej je pred leti praznovala 80-letnico obstoja. Deluje ve\u010d ali manj stalno, obdobje, ko ni bilo predstav, je bilo le med vojno, a je po njej, v osvoboditveni evforiji in \u010dasu obnove, prirejala tudi po ve\u010d premier letno. \u010clanstvo v njej\u2026","rel":"","context":"Similar post","img":{"alt_text":"","src":"","width":0,"height":0},"classes":[]},{"id":20,"url":"https:\/\/www.svoboda-senovo.si\/index.php\/lutkovna-sekcija\/","url_meta":{"origin":289,"position":1},"title":"LUTKOVNA SEKCIJA","date":"16. 3. 2016","format":false,"excerpt":"Lutkovna skupina DKD Svoboda Senovo je bila ustanovljena v za\u010detku leta 2010. S tem se je po pribli\u017eno petih desetletjih v dru\u0161tvu ponovno obudilo lutkarstvo. Na ustanovnem sestanku, na katerem je bilo prisotnih 7 \u010dlanov dru\u0161tva, smo se dogovorili, da se bomo spoprijeli tako z izdelavo lutk, scene in scenskih\u2026","rel":"","context":"Similar post","img":{"alt_text":"","src":"","width":0,"height":0},"classes":[]},{"id":44,"url":"https:\/\/www.svoboda-senovo.si\/index.php\/drustvo\/zgodovina\/","url_meta":{"origin":289,"position":2},"title":"Zgodovina","date":"16. 3. 2016","format":false,"excerpt":"Veliko senovskih delavcev je bilo pred zaposlitvijo na Senovem zaposlenih v drugih slovenskih premogovnikih in tudi v tujini. Tam so videli, da imajo tako rudarji kot premogarji in fu\u017einarji svoje uniforme in zastave, ki dajejo ob posebnih prilo\u017enostih tudi zunanjo veljavo njihovemu stanu. Morda je \u017eeljo po takem lastnem dru\u0161tvu\u2026","rel":"","context":"Similar post","img":{"alt_text":"","src":"","width":0,"height":0},"classes":[]},{"id":203,"url":"https:\/\/www.svoboda-senovo.si\/index.php\/zgodovina-orkestra\/","url_meta":{"origin":289,"position":3},"title":"Zgodovina orkestra","date":"30. 12. 2016","format":false,"excerpt":"Ustanovitelji godbe so bili napredni delavci II. rudarske skupine in \"Svobode\". \u017de leta 1921 so ti delavci za\u010deli zbirati denar v godbenem fondu. Alojz Kralj, dober glasbenik, zaposlen v premogovniku je pri\u0161el k Jo\u017eetu Rihterju s predlogom o ustanovitvi delavske godbe. Le-ta je predlog posredoval direktorju, in\u017e. Alojzu Kolki, ki\u2026","rel":"","context":"Similar post","img":{"alt_text":"","src":"","width":0,"height":0},"classes":[]},{"id":205,"url":"https:\/\/www.svoboda-senovo.si\/index.php\/o-orkestru\/","url_meta":{"origin":289,"position":4},"title":"O orkestru","date":"30. 12. 2016","format":false,"excerpt":"Pihalni orkester Delavsko-kulturnega dru\u0161tva Svoboda Senovo je bil ustanovljen leta 1928. Ustanovili so ga senovski rudarji in tako je nastala tedanja rudarska godba. Godba je delovala neprekinjeno tudi med 2. svetovno vojno, ko so vsi od\u0161li v partizane in tam ustanovili godbo Kozjanskega odreda. Po vojni je bilo kar precej\u2026","rel":"","context":"Similar post","img":{"alt_text":"","src":"","width":0,"height":0},"classes":[]},{"id":62,"url":"https:\/\/www.svoboda-senovo.si\/index.php\/folklorna-sekcija\/plesi\/","url_meta":{"origin":289,"position":5},"title":"Plesi","date":"8. 4. 2016","format":false,"excerpt":"Kozjanski: Fantovske igre \u0160pegu Pov\u0161ter tanc Zvezda Kovtri Ples s stoli \u0160tajerska botrija: Kurji taj\u010d Cvaj\u0161rit \u0160tajeri\u0161 mazurka Ma\u0161erjanka Galop Krajc polka Vzhodno\u0161tajerski plesi: \u0160tajeri\u0161 (ima menjajo\u010di ritem: 3\/4 in 2\/4, kar je posebnost) Krajc polka ali patikater Plesa\u010dki ples ali pobre\u0161ka polka \u0160oti\u0161 polka Polka z odskoki \u0160oti\u0161i Mazurka\u2026","rel":"","context":"Similar post","img":{"alt_text":"","src":"","width":0,"height":0},"classes":[]}],"_links":{"self":[{"href":"https:\/\/www.svoboda-senovo.si\/index.php\/wp-json\/wp\/v2\/pages\/289"}],"collection":[{"href":"https:\/\/www.svoboda-senovo.si\/index.php\/wp-json\/wp\/v2\/pages"}],"about":[{"href":"https:\/\/www.svoboda-senovo.si\/index.php\/wp-json\/wp\/v2\/types\/page"}],"author":[{"embeddable":true,"href":"https:\/\/www.svoboda-senovo.si\/index.php\/wp-json\/wp\/v2\/users\/1"}],"replies":[{"embeddable":true,"href":"https:\/\/www.svoboda-senovo.si\/index.php\/wp-json\/wp\/v2\/comments?post=289"}],"version-history":[{"count":1,"href":"https:\/\/www.svoboda-senovo.si\/index.php\/wp-json\/wp\/v2\/pages\/289\/revisions"}],"predecessor-version":[{"id":290,"href":"https:\/\/www.svoboda-senovo.si\/index.php\/wp-json\/wp\/v2\/pages\/289\/revisions\/290"}],"up":[{"embeddable":true,"href":"https:\/\/www.svoboda-senovo.si\/index.php\/wp-json\/wp\/v2\/pages\/16"}],"wp:attachment":[{"href":"https:\/\/www.svoboda-senovo.si\/index.php\/wp-json\/wp\/v2\/media?parent=289"}],"curies":[{"name":"wp","href":"https:\/\/api.w.org\/{rel}","templated":true}]}}