{"id":205,"date":"2016-12-30T23:33:18","date_gmt":"2016-12-30T22:33:18","guid":{"rendered":"https:\/\/www.svoboda-senovo.si\/?page_id=205"},"modified":"2025-03-14T10:22:33","modified_gmt":"2025-03-14T09:22:33","slug":"o-orkestru","status":"publish","type":"page","link":"https:\/\/www.svoboda-senovo.si\/index.php\/o-orkestru\/","title":{"rendered":"O orkestru"},"content":{"rendered":"<p><a href=\"https:\/\/i1.wp.com\/www.svoboda-senovo.si\/wp-content\/uploads\/2018\/10\/Asset-1.png?ssl=1\" data-rel=\"lightbox-image-0\" data-rl_title=\"\" data-rl_caption=\"\" title=\"\"><img data-attachment-id=\"851\" data-permalink=\"https:\/\/www.svoboda-senovo.si\/index.php\/o-orkestru\/asset-1\/\" data-orig-file=\"https:\/\/i1.wp.com\/www.svoboda-senovo.si\/wp-content\/uploads\/2018\/10\/Asset-1.png?fit=4420%2C2142&amp;ssl=1\" data-orig-size=\"4420,2142\" data-comments-opened=\"0\" data-image-meta=\"{&quot;aperture&quot;:&quot;0&quot;,&quot;credit&quot;:&quot;&quot;,&quot;camera&quot;:&quot;&quot;,&quot;caption&quot;:&quot;&quot;,&quot;created_timestamp&quot;:&quot;0&quot;,&quot;copyright&quot;:&quot;&quot;,&quot;focal_length&quot;:&quot;0&quot;,&quot;iso&quot;:&quot;0&quot;,&quot;shutter_speed&quot;:&quot;0&quot;,&quot;title&quot;:&quot;&quot;,&quot;orientation&quot;:&quot;0&quot;}\" data-image-title=\"Pihalni orkester Senovo LOGO\" data-image-description=\"\" data-image-caption=\"&lt;p&gt;Logotip Pihalni orkester&lt;\/p&gt;\n\" data-medium-file=\"https:\/\/i1.wp.com\/www.svoboda-senovo.si\/wp-content\/uploads\/2018\/10\/Asset-1.png?fit=300%2C145&amp;ssl=1\" data-large-file=\"https:\/\/i1.wp.com\/www.svoboda-senovo.si\/wp-content\/uploads\/2018\/10\/Asset-1.png?fit=1024%2C496&amp;ssl=1\" loading=\"lazy\" class=\"size-medium wp-image-851\" src=\"https:\/\/i1.wp.com\/www.svoboda-senovo.si\/wp-content\/uploads\/2018\/10\/Asset-1.png?resize=300%2C145&#038;ssl=1\" alt=\"\" width=\"300\" height=\"145\" srcset=\"https:\/\/i1.wp.com\/www.svoboda-senovo.si\/wp-content\/uploads\/2018\/10\/Asset-1.png?resize=300%2C145&amp;ssl=1 300w, https:\/\/i1.wp.com\/www.svoboda-senovo.si\/wp-content\/uploads\/2018\/10\/Asset-1.png?resize=768%2C372&amp;ssl=1 768w, https:\/\/i1.wp.com\/www.svoboda-senovo.si\/wp-content\/uploads\/2018\/10\/Asset-1.png?resize=1024%2C496&amp;ssl=1 1024w, https:\/\/i1.wp.com\/www.svoboda-senovo.si\/wp-content\/uploads\/2018\/10\/Asset-1.png?w=2000&amp;ssl=1 2000w, https:\/\/i1.wp.com\/www.svoboda-senovo.si\/wp-content\/uploads\/2018\/10\/Asset-1.png?w=3000&amp;ssl=1 3000w\" sizes=\"(max-width: 300px) 100vw, 300px\" data-recalc-dims=\"1\" \/><\/a><\/p>\n<p>Pihalni orkester Delavsko-kulturnega dru\u0161tva Svoboda Senovo je bil ustanovljen leta 1928. Ustanovili so ga senovski rudarji in tako je nastala tedanja rudarska godba. Godba je delovala neprekinjeno tudi med 2. svetovno vojno, ko so vsi od\u0161li v partizane in tam ustanovili godbo Kozjanskega odreda. Po vojni je bilo kar precej sprememb in menjalo se je veliko kapelnikov. Tako je bilo vse do leta 1975, ko je umrl dolgoletni kapelnik Maks Umek. Nasledil ga je prof. Janez Ceglar, pod njegovim vodstvom pa je orkester dosegel tudi najvidnej\u0161e uspehe na tekmovanjih doma in v tujini. Za njim je vodenje orkestra prevzel prof. Halid Tubeishat, v tem obdobju so ustvarili tudi prve zvo\u010dne posnetke, in sicer so posneli koncertno zgo\u0161\u010denko Blue planet in kora\u010dnice Veselo naprej. Orkester od leta 2025 vodi Lovro A\u0161i\u010d.<\/p>\n<p>Orkester \u0161teje 40 \u010dlanov, v prostorih godbenega doma v sodelovanju z Glasbeno \u0161olo Kr\u0161ko izvaja godbeni\u0161ko \u0161olo, nasploh pa se v zadnjem obdobju ukvarja s pomlajevanjem zasedbe.<\/p>\n<p>Vsako leto priredijo dva koncerta \u2013 pomladnega premiernega in bo\u017ei\u010dno-novoletnega.\u00a0Igrajo pa tudi na raznih prireditvah doma, v \u0161ir\u0161i okolici in v tujini.<\/p>\n<p>Vodja sekcije pihalni orkester &#8211; predsednik pihalnega orkestra je Simon Tovornik (GSM 040-546-278).<\/p>\n","protected":false},"excerpt":{"rendered":"<p>Pihalni orkester Delavsko-kulturnega dru\u0161tva Svoboda Senovo je bil ustanovljen leta 1928. Ustanovili so ga senovski rudarji in tako je nastala tedanja rudarska godba. Godba je delovala neprekinjeno tudi med 2. svetovno vojno, ko so&#46;&#46;&#46;<\/p>\n","protected":false},"author":1,"featured_media":0,"parent":0,"menu_order":0,"comment_status":"closed","ping_status":"closed","template":"","meta":{"spay_email":""},"jetpack_sharing_enabled":true,"jetpack_shortlink":"https:\/\/wp.me\/P8fvCk-3j","jetpack-related-posts":[{"id":203,"url":"https:\/\/www.svoboda-senovo.si\/index.php\/zgodovina-orkestra\/","url_meta":{"origin":205,"position":0},"title":"Zgodovina orkestra","date":"30. 12. 2016","format":false,"excerpt":"Ustanovitelji godbe so bili napredni delavci II. rudarske skupine in \"Svobode\". \u017de leta 1921 so ti delavci za\u010deli zbirati denar v godbenem fondu. Alojz Kralj, dober glasbenik, zaposlen v premogovniku je pri\u0161el k Jo\u017eetu Rihterju s predlogom o ustanovitvi delavske godbe. Le-ta je predlog posredoval direktorju, in\u017e. Alojzu Kolki, ki\u2026","rel":"","context":"Similar post","img":{"alt_text":"","src":"","width":0,"height":0},"classes":[]},{"id":44,"url":"https:\/\/www.svoboda-senovo.si\/index.php\/drustvo\/zgodovina\/","url_meta":{"origin":205,"position":1},"title":"Zgodovina","date":"16. 3. 2016","format":false,"excerpt":"Veliko senovskih delavcev je bilo pred zaposlitvijo na Senovem zaposlenih v drugih slovenskih premogovnikih in tudi v tujini. Tam so videli, da imajo tako rudarji kot premogarji in fu\u017einarji svoje uniforme in zastave, ki dajejo ob posebnih prilo\u017enostih tudi zunanjo veljavo njihovemu stanu. Morda je \u017eeljo po takem lastnem dru\u0161tvu\u2026","rel":"","context":"Similar post","img":{"alt_text":"","src":"","width":0,"height":0},"classes":[]},{"id":9,"url":"https:\/\/www.svoboda-senovo.si\/index.php\/gledaliska-sekcija\/","url_meta":{"origin":205,"position":2},"title":"Gledali\u0161ka sekcija","date":"15. 3. 2016","format":false,"excerpt":"V kraju deluje gledali\u0161ka skupina \u017ee od leta 1923, torej je pred leti praznovala 80-letnico obstoja. Deluje ve\u010d ali manj stalno, obdobje, ko ni bilo predstav, je bilo le med vojno, a je po njej, v osvoboditveni evforiji in \u010dasu obnove, prirejala tudi po ve\u010d premier letno. \u010clanstvo v njej\u2026","rel":"","context":"Similar post","img":{"alt_text":"","src":"","width":0,"height":0},"classes":[]},{"id":20,"url":"https:\/\/www.svoboda-senovo.si\/index.php\/lutkovna-sekcija\/","url_meta":{"origin":205,"position":3},"title":"LUTKOVNA SEKCIJA","date":"16. 3. 2016","format":false,"excerpt":"Lutkovna skupina DKD Svoboda Senovo je bila ustanovljena v za\u010detku leta 2010. S tem se je po pribli\u017eno petih desetletjih v dru\u0161tvu ponovno obudilo lutkarstvo. Na ustanovnem sestanku, na katerem je bilo prisotnih 7 \u010dlanov dru\u0161tva, smo se dogovorili, da se bomo spoprijeli tako z izdelavo lutk, scene in scenskih\u2026","rel":"","context":"Similar post","img":{"alt_text":"","src":"","width":0,"height":0},"classes":[]},{"id":289,"url":"https:\/\/www.svoboda-senovo.si\/index.php\/folklorna-sekcija\/o-folklorni-sekciji\/","url_meta":{"origin":205,"position":4},"title":"O folklorni sekciji","date":"4. 6. 2017","format":false,"excerpt":"Folklorna skupina DKD Svoboda Senovo, ki je tudi edina folklorna skupina v Ob\u010dini Kr\u0161ko, je bila ustanovljena 8. decembra 1982 in v letu 2017 praznuje 35 let uspe\u0161nega dela. V osnovi je reproduktivna skupina, ki izvaja plese, pesmi in obi\u010daje \u0160tajerske, Pohorja, Zgornje Dravske doline, Prekmurja, Kozjanskega, Koro\u0161ke in Gorenjske.\u2026","rel":"","context":"Similar post","img":{"alt_text":"","src":"","width":0,"height":0},"classes":[]},{"id":51,"url":"https:\/\/www.svoboda-senovo.si\/index.php\/vodstvo\/","url_meta":{"origin":205,"position":5},"title":"Vodstvo","date":"16. 3. 2016","format":false,"excerpt":"IZVR\u0160NI ODBOR: PREDSEDNIK: JO\u017dE \u0160OLN elektronska po\u0161ta, GSM: O41-598-223 PODPREDSEDNIK: MATEJ UL\u010cNIK elektronska po\u0161ta, GSM: O41-944-361 TAJNICA: VLASTA MO\u0160KON elektronska po\u0161ta BLAGAJNI\u010cARKA: HELENA POZNI\u010c elektronska po\u0161ta GOSPODAR: JANEZ KRANJC PREDSTAVNIKI SEKCIJ: GLEDALI\u0160KA SEKCIJA: DAVID RADEJ - vodja sekcije, \u010dlan IO elektronska po\u0161ta, GSM: O31-770-500 ANDREJA BRILI - \u010dlanica IO elektronska\u2026","rel":"","context":"Similar post","img":{"alt_text":"","src":"","width":0,"height":0},"classes":[]}],"_links":{"self":[{"href":"https:\/\/www.svoboda-senovo.si\/index.php\/wp-json\/wp\/v2\/pages\/205"}],"collection":[{"href":"https:\/\/www.svoboda-senovo.si\/index.php\/wp-json\/wp\/v2\/pages"}],"about":[{"href":"https:\/\/www.svoboda-senovo.si\/index.php\/wp-json\/wp\/v2\/types\/page"}],"author":[{"embeddable":true,"href":"https:\/\/www.svoboda-senovo.si\/index.php\/wp-json\/wp\/v2\/users\/1"}],"replies":[{"embeddable":true,"href":"https:\/\/www.svoboda-senovo.si\/index.php\/wp-json\/wp\/v2\/comments?post=205"}],"version-history":[{"count":7,"href":"https:\/\/www.svoboda-senovo.si\/index.php\/wp-json\/wp\/v2\/pages\/205\/revisions"}],"predecessor-version":[{"id":1228,"href":"https:\/\/www.svoboda-senovo.si\/index.php\/wp-json\/wp\/v2\/pages\/205\/revisions\/1228"}],"wp:attachment":[{"href":"https:\/\/www.svoboda-senovo.si\/index.php\/wp-json\/wp\/v2\/media?parent=205"}],"curies":[{"name":"wp","href":"https:\/\/api.w.org\/{rel}","templated":true}]}}