{"id":20,"date":"2016-03-16T18:02:55","date_gmt":"2016-03-16T17:02:55","guid":{"rendered":"http:\/\/server.diylab.si\/dkd-svoboda\/wordpress\/?page_id=20"},"modified":"2016-03-16T18:02:55","modified_gmt":"2016-03-16T17:02:55","slug":"lutkovna-sekcija","status":"publish","type":"page","link":"https:\/\/www.svoboda-senovo.si\/index.php\/lutkovna-sekcija\/","title":{"rendered":"LUTKOVNA SEKCIJA"},"content":{"rendered":"<p>Lutkovna skupina DKD Svoboda Senovo je bila ustanovljena v za\u010detku leta 2010. S tem se je po pribli\u017eno petih desetletjih v dru\u0161tvu ponovno obudilo lutkarstvo. Na ustanovnem sestanku, na katerem je bilo prisotnih 7 \u010dlanov dru\u0161tva, smo se dogovorili, da se bomo spoprijeli tako z izdelavo lutk, scene in scenskih pripomo\u010dkov, kot tudi z animacijo. V za\u010detku je delovala kot del gledali\u0161ke sekcije, v letu 2012 pa je postala samostojna sekcija dru\u0161tva.<\/p>\n<p>\u010clani skupine na svojih delovnih sre\u010danjih ustvarjamo\/izdelujemo lutke in pripravljamo lutkovne predstave, ki jih potem odigramo na doma\u010dem odru ali pa z njimi gostujemo po drugih krajih.<\/p>\n<p>Vsako leto se udele\u017eimo obmo\u010dnega sre\u010danja lutkovnih skupin, dvakrat smo bili izbrani na medobmo\u010dno sre\u010danje. Ker smo s svojim delovanjem pri\u010deli \u0161ele pred kratkim, smo tega uspeha zelo veseli.<\/p>\n","protected":false},"excerpt":{"rendered":"<p>Lutkovna skupina DKD Svoboda Senovo je bila ustanovljena v za\u010detku leta 2010. S tem se je po pribli\u017eno petih desetletjih v dru\u0161tvu ponovno obudilo lutkarstvo. Na ustanovnem sestanku, na katerem je bilo prisotnih 7&#46;&#46;&#46;<\/p>\n","protected":false},"author":1,"featured_media":0,"parent":0,"menu_order":0,"comment_status":"closed","ping_status":"closed","template":"","meta":{"spay_email":""},"jetpack_sharing_enabled":true,"jetpack_shortlink":"https:\/\/wp.me\/P8fvCk-k","jetpack-related-posts":[{"id":9,"url":"https:\/\/www.svoboda-senovo.si\/index.php\/gledaliska-sekcija\/","url_meta":{"origin":20,"position":0},"title":"Gledali\u0161ka sekcija","date":"15. 3. 2016","format":false,"excerpt":"V kraju deluje gledali\u0161ka skupina \u017ee od leta 1923, torej je pred leti praznovala 80-letnico obstoja. Deluje ve\u010d ali manj stalno, obdobje, ko ni bilo predstav, je bilo le med vojno, a je po njej, v osvoboditveni evforiji in \u010dasu obnove, prirejala tudi po ve\u010d premier letno. \u010clanstvo v njej\u2026","rel":"","context":"Similar post","img":{"alt_text":"","src":"","width":0,"height":0},"classes":[]},{"id":289,"url":"https:\/\/www.svoboda-senovo.si\/index.php\/folklorna-sekcija\/o-folklorni-sekciji\/","url_meta":{"origin":20,"position":1},"title":"O folklorni sekciji","date":"4. 6. 2017","format":false,"excerpt":"Folklorna skupina DKD Svoboda Senovo, ki je tudi edina folklorna skupina v Ob\u010dini Kr\u0161ko, je bila ustanovljena 8. decembra 1982 in v letu 2017 praznuje 35 let uspe\u0161nega dela. V osnovi je reproduktivna skupina, ki izvaja plese, pesmi in obi\u010daje \u0160tajerske, Pohorja, Zgornje Dravske doline, Prekmurja, Kozjanskega, Koro\u0161ke in Gorenjske.\u2026","rel":"","context":"Similar post","img":{"alt_text":"","src":"","width":0,"height":0},"classes":[]},{"id":205,"url":"https:\/\/www.svoboda-senovo.si\/index.php\/o-orkestru\/","url_meta":{"origin":20,"position":2},"title":"O orkestru","date":"30. 12. 2016","format":false,"excerpt":"Pihalni orkester Delavsko-kulturnega dru\u0161tva Svoboda Senovo je bil ustanovljen leta 1928. Ustanovili so ga senovski rudarji in tako je nastala tedanja rudarska godba. Godba je delovala neprekinjeno tudi med 2. svetovno vojno, ko so vsi od\u0161li v partizane in tam ustanovili godbo Kozjanskega odreda. Po vojni je bilo kar precej\u2026","rel":"","context":"Similar post","img":{"alt_text":"","src":"","width":0,"height":0},"classes":[]},{"id":44,"url":"https:\/\/www.svoboda-senovo.si\/index.php\/drustvo\/zgodovina\/","url_meta":{"origin":20,"position":3},"title":"Zgodovina","date":"16. 3. 2016","format":false,"excerpt":"Veliko senovskih delavcev je bilo pred zaposlitvijo na Senovem zaposlenih v drugih slovenskih premogovnikih in tudi v tujini. Tam so videli, da imajo tako rudarji kot premogarji in fu\u017einarji svoje uniforme in zastave, ki dajejo ob posebnih prilo\u017enostih tudi zunanjo veljavo njihovemu stanu. Morda je \u017eeljo po takem lastnem dru\u0161tvu\u2026","rel":"","context":"Similar post","img":{"alt_text":"","src":"","width":0,"height":0},"classes":[]},{"id":51,"url":"https:\/\/www.svoboda-senovo.si\/index.php\/vodstvo\/","url_meta":{"origin":20,"position":4},"title":"Vodstvo","date":"16. 3. 2016","format":false,"excerpt":"IZVR\u0160NI ODBOR: PREDSEDNIK: JO\u017dE \u0160OLN elektronska po\u0161ta, GSM: O41-598-223 PODPREDSEDNIK: MATEJ UL\u010cNIK elektronska po\u0161ta, GSM: O41-944-361 TAJNICA: VLASTA MO\u0160KON elektronska po\u0161ta BLAGAJNI\u010cARKA: HELENA POZNI\u010c elektronska po\u0161ta GOSPODAR: JANEZ KRANJC PREDSTAVNIKI SEKCIJ: GLEDALI\u0160KA SEKCIJA: DAVID RADEJ - vodja sekcije, \u010dlan IO elektronska po\u0161ta, GSM: O31-770-500 ANDREJA BRILI - \u010dlanica IO elektronska\u2026","rel":"","context":"Similar post","img":{"alt_text":"","src":"","width":0,"height":0},"classes":[]},{"id":62,"url":"https:\/\/www.svoboda-senovo.si\/index.php\/folklorna-sekcija\/plesi\/","url_meta":{"origin":20,"position":5},"title":"Plesi","date":"8. 4. 2016","format":false,"excerpt":"Kozjanski: Fantovske igre \u0160pegu Pov\u0161ter tanc Zvezda Kovtri Ples s stoli \u0160tajerska botrija: Kurji taj\u010d Cvaj\u0161rit \u0160tajeri\u0161 mazurka Ma\u0161erjanka Galop Krajc polka Vzhodno\u0161tajerski plesi: \u0160tajeri\u0161 (ima menjajo\u010di ritem: 3\/4 in 2\/4, kar je posebnost) Krajc polka ali patikater Plesa\u010dki ples ali pobre\u0161ka polka \u0160oti\u0161 polka Polka z odskoki \u0160oti\u0161i Mazurka\u2026","rel":"","context":"Similar post","img":{"alt_text":"","src":"","width":0,"height":0},"classes":[]}],"_links":{"self":[{"href":"https:\/\/www.svoboda-senovo.si\/index.php\/wp-json\/wp\/v2\/pages\/20"}],"collection":[{"href":"https:\/\/www.svoboda-senovo.si\/index.php\/wp-json\/wp\/v2\/pages"}],"about":[{"href":"https:\/\/www.svoboda-senovo.si\/index.php\/wp-json\/wp\/v2\/types\/page"}],"author":[{"embeddable":true,"href":"https:\/\/www.svoboda-senovo.si\/index.php\/wp-json\/wp\/v2\/users\/1"}],"replies":[{"embeddable":true,"href":"https:\/\/www.svoboda-senovo.si\/index.php\/wp-json\/wp\/v2\/comments?post=20"}],"version-history":[{"count":2,"href":"https:\/\/www.svoboda-senovo.si\/index.php\/wp-json\/wp\/v2\/pages\/20\/revisions"}],"predecessor-version":[{"id":88,"href":"https:\/\/www.svoboda-senovo.si\/index.php\/wp-json\/wp\/v2\/pages\/20\/revisions\/88"}],"wp:attachment":[{"href":"https:\/\/www.svoboda-senovo.si\/index.php\/wp-json\/wp\/v2\/media?parent=20"}],"curies":[{"name":"wp","href":"https:\/\/api.w.org\/{rel}","templated":true}]}}