{"id":134,"date":"2016-12-30T15:37:00","date_gmt":"2016-12-30T14:37:00","guid":{"rendered":"http:\/\/server.diylab.si\/dkd-svoboda\/wordpress\/?page_id=134"},"modified":"2018-10-31T09:53:54","modified_gmt":"2018-10-31T08:53:54","slug":"povezave","status":"publish","type":"page","link":"https:\/\/www.svoboda-senovo.si\/index.php\/povezave\/","title":{"rendered":"Povezave"},"content":{"rendered":"<p>Podpirajo nas:<\/p>\n<p><a href=\"https:\/\/senovodom.blogspot.si\/\"><img data-attachment-id=\"138\" data-permalink=\"https:\/\/www.svoboda-senovo.si\/index.php\/povezave\/ks_senovo\/\" data-orig-file=\"https:\/\/i1.wp.com\/www.svoboda-senovo.si\/wp-content\/uploads\/2016\/12\/KS_Senovo.jpg?fit=151%2C98&amp;ssl=1\" data-orig-size=\"151,98\" data-comments-opened=\"0\" data-image-meta=\"{&quot;aperture&quot;:&quot;0&quot;,&quot;credit&quot;:&quot;&quot;,&quot;camera&quot;:&quot;&quot;,&quot;caption&quot;:&quot;&quot;,&quot;created_timestamp&quot;:&quot;0&quot;,&quot;copyright&quot;:&quot;&quot;,&quot;focal_length&quot;:&quot;0&quot;,&quot;iso&quot;:&quot;0&quot;,&quot;shutter_speed&quot;:&quot;0&quot;,&quot;title&quot;:&quot;&quot;,&quot;orientation&quot;:&quot;0&quot;}\" data-image-title=\"KS_Senovo\" data-image-description=\"\" data-image-caption=\"\" data-medium-file=\"https:\/\/i1.wp.com\/www.svoboda-senovo.si\/wp-content\/uploads\/2016\/12\/KS_Senovo.jpg?fit=151%2C98&amp;ssl=1\" data-large-file=\"https:\/\/i1.wp.com\/www.svoboda-senovo.si\/wp-content\/uploads\/2016\/12\/KS_Senovo.jpg?fit=151%2C98&amp;ssl=1\" loading=\"lazy\" class=\"alignnone wp-image-138 size-full\" src=\"https:\/\/i1.wp.com\/www.svoboda-senovo.si\/wp-content\/uploads\/2016\/12\/KS_Senovo.jpg?resize=151%2C98&#038;ssl=1\" width=\"151\" height=\"98\" data-recalc-dims=\"1\" \/><\/a>\u00a0 <a href=\"https:\/\/senovodom.blogspot.si\/\">Krajevna skupnost Senovo<\/a><\/p>\n<p><a href=\"http:\/\/www.krsko.si\"><img data-attachment-id=\"139\" data-permalink=\"https:\/\/www.svoboda-senovo.si\/index.php\/povezave\/obcina_krsko_68\/\" data-orig-file=\"https:\/\/i1.wp.com\/www.svoboda-senovo.si\/wp-content\/uploads\/2016\/12\/obcina_krsko_68.gif?fit=68%2C68&amp;ssl=1\" data-orig-size=\"68,68\" data-comments-opened=\"0\" data-image-meta=\"{&quot;aperture&quot;:&quot;0&quot;,&quot;credit&quot;:&quot;&quot;,&quot;camera&quot;:&quot;&quot;,&quot;caption&quot;:&quot;&quot;,&quot;created_timestamp&quot;:&quot;0&quot;,&quot;copyright&quot;:&quot;&quot;,&quot;focal_length&quot;:&quot;0&quot;,&quot;iso&quot;:&quot;0&quot;,&quot;shutter_speed&quot;:&quot;0&quot;,&quot;title&quot;:&quot;&quot;,&quot;orientation&quot;:&quot;0&quot;}\" data-image-title=\"obcina_krsko_68\" data-image-description=\"\" data-image-caption=\"\" data-medium-file=\"https:\/\/i1.wp.com\/www.svoboda-senovo.si\/wp-content\/uploads\/2016\/12\/obcina_krsko_68.gif?fit=68%2C68&amp;ssl=1\" data-large-file=\"https:\/\/i1.wp.com\/www.svoboda-senovo.si\/wp-content\/uploads\/2016\/12\/obcina_krsko_68.gif?fit=68%2C68&amp;ssl=1\" loading=\"lazy\" class=\"alignnone wp-image-139 size-full\" src=\"https:\/\/i1.wp.com\/www.svoboda-senovo.si\/wp-content\/uploads\/2016\/12\/obcina_krsko_68.gif?resize=68%2C68&#038;ssl=1\" width=\"68\" height=\"68\" data-recalc-dims=\"1\" \/><\/a>\u00a0 \u00a0 \u00a0 \u00a0 \u00a0 \u00a0 \u00a0 \u00a0 \u00a0 \u00a0 \u00a0 \u00a0 <a href=\"http:\/\/www.krsko.si\/\">Ob\u010dina Kr\u0161ko<\/a><\/p>\n<p><a href=\"http:\/\/www.triglav.eu\/sl\"><img data-attachment-id=\"140\" data-permalink=\"https:\/\/www.svoboda-senovo.si\/index.php\/povezave\/triglav\/\" data-orig-file=\"https:\/\/i0.wp.com\/www.svoboda-senovo.si\/wp-content\/uploads\/2016\/12\/triglav-e1483109084777.png?fit=134%2C78&amp;ssl=1\" data-orig-size=\"134,78\" data-comments-opened=\"0\" data-image-meta=\"{&quot;aperture&quot;:&quot;0&quot;,&quot;credit&quot;:&quot;&quot;,&quot;camera&quot;:&quot;&quot;,&quot;caption&quot;:&quot;&quot;,&quot;created_timestamp&quot;:&quot;0&quot;,&quot;copyright&quot;:&quot;&quot;,&quot;focal_length&quot;:&quot;0&quot;,&quot;iso&quot;:&quot;0&quot;,&quot;shutter_speed&quot;:&quot;0&quot;,&quot;title&quot;:&quot;&quot;,&quot;orientation&quot;:&quot;0&quot;}\" data-image-title=\"triglav\" data-image-description=\"\" data-image-caption=\"\" data-medium-file=\"https:\/\/i0.wp.com\/www.svoboda-senovo.si\/wp-content\/uploads\/2016\/12\/triglav-e1483109084777.png?fit=134%2C78&amp;ssl=1\" data-large-file=\"https:\/\/i0.wp.com\/www.svoboda-senovo.si\/wp-content\/uploads\/2016\/12\/triglav-e1483109084777.png?fit=134%2C78&amp;ssl=1\" loading=\"lazy\" class=\"alignnone wp-image-140 \" src=\"https:\/\/i0.wp.com\/www.svoboda-senovo.si\/wp-content\/uploads\/2018\/10\/triglav_logo.png?resize=218%2C82&#038;ssl=1\" width=\"218\" height=\"82\" data-recalc-dims=\"1\" \/><\/a>\u00a0 \u00a0 \u00a0 \u00a0<a href=\"http:\/\/www.triglav.eu\/sl\">Zavarovalnica Triglav<\/a><\/p>\n<p><img loading=\"lazy\" class=\"alignnone size-full\" src=\"https:\/\/i2.wp.com\/www.he-ss.si\/images\/hes-logo.png?resize=170%2C71\" width=\"170\" height=\"71\" data-recalc-dims=\"1\" \/>\u00a0 <a href=\"http:\/\/www.he-ss.si\/\">Hidroelektrarne na Spodnji Savi<\/a><\/p>\n<p><a href=\"https:\/\/i1.wp.com\/www.svoboda-senovo.si\/wp-content\/uploads\/2016\/12\/gen.gif?ssl=1\" data-rel=\"lightbox-image-0\" data-rl_title=\"\" data-rl_caption=\"\" title=\"\"><img data-attachment-id=\"275\" data-permalink=\"https:\/\/www.svoboda-senovo.si\/index.php\/povezave\/gen\/\" data-orig-file=\"https:\/\/i1.wp.com\/www.svoboda-senovo.si\/wp-content\/uploads\/2016\/12\/gen.gif?fit=147%2C100&amp;ssl=1\" data-orig-size=\"147,100\" data-comments-opened=\"0\" data-image-meta=\"{&quot;aperture&quot;:&quot;0&quot;,&quot;credit&quot;:&quot;&quot;,&quot;camera&quot;:&quot;&quot;,&quot;caption&quot;:&quot;&quot;,&quot;created_timestamp&quot;:&quot;0&quot;,&quot;copyright&quot;:&quot;&quot;,&quot;focal_length&quot;:&quot;0&quot;,&quot;iso&quot;:&quot;0&quot;,&quot;shutter_speed&quot;:&quot;0&quot;,&quot;title&quot;:&quot;&quot;,&quot;orientation&quot;:&quot;0&quot;}\" data-image-title=\"gen\" data-image-description=\"\" data-image-caption=\"\" data-medium-file=\"https:\/\/i1.wp.com\/www.svoboda-senovo.si\/wp-content\/uploads\/2016\/12\/gen.gif?fit=147%2C100&amp;ssl=1\" data-large-file=\"https:\/\/i1.wp.com\/www.svoboda-senovo.si\/wp-content\/uploads\/2016\/12\/gen.gif?fit=147%2C100&amp;ssl=1\" loading=\"lazy\" class=\"alignnone size-full wp-image-275\" src=\"https:\/\/i1.wp.com\/www.svoboda-senovo.si\/wp-content\/uploads\/2016\/12\/gen.gif?resize=147%2C100&#038;ssl=1\" alt=\"\" width=\"147\" height=\"100\" data-recalc-dims=\"1\" \/><\/a>\u00a0<a href=\"http:\/\/www.nek.si\/\">Nuklearna elektrarna Kr\u0161ko<\/a><\/p>\n<p><a href=\"https:\/\/i0.wp.com\/www.svoboda-senovo.si\/wp-content\/uploads\/2016\/12\/jskd.jpg?ssl=1\" data-rel=\"lightbox-image-1\" data-rl_title=\"\" data-rl_caption=\"\" title=\"\"><img data-attachment-id=\"276\" data-permalink=\"https:\/\/www.svoboda-senovo.si\/index.php\/povezave\/jskd\/\" data-orig-file=\"https:\/\/i0.wp.com\/www.svoboda-senovo.si\/wp-content\/uploads\/2016\/12\/jskd.jpg?fit=188%2C159&amp;ssl=1\" data-orig-size=\"188,159\" data-comments-opened=\"0\" data-image-meta=\"{&quot;aperture&quot;:&quot;0&quot;,&quot;credit&quot;:&quot;&quot;,&quot;camera&quot;:&quot;&quot;,&quot;caption&quot;:&quot;&quot;,&quot;created_timestamp&quot;:&quot;0&quot;,&quot;copyright&quot;:&quot;&quot;,&quot;focal_length&quot;:&quot;0&quot;,&quot;iso&quot;:&quot;0&quot;,&quot;shutter_speed&quot;:&quot;0&quot;,&quot;title&quot;:&quot;&quot;,&quot;orientation&quot;:&quot;0&quot;}\" data-image-title=\"jskd\" data-image-description=\"\" data-image-caption=\"\" data-medium-file=\"https:\/\/i0.wp.com\/www.svoboda-senovo.si\/wp-content\/uploads\/2016\/12\/jskd.jpg?fit=188%2C159&amp;ssl=1\" data-large-file=\"https:\/\/i0.wp.com\/www.svoboda-senovo.si\/wp-content\/uploads\/2016\/12\/jskd.jpg?fit=188%2C159&amp;ssl=1\" loading=\"lazy\" class=\"alignnone size-full wp-image-276\" src=\"https:\/\/i0.wp.com\/www.svoboda-senovo.si\/wp-content\/uploads\/2016\/12\/jskd.jpg?resize=188%2C159&#038;ssl=1\" alt=\"logotip JSKD\" width=\"188\" height=\"159\" data-recalc-dims=\"1\" \/><\/a>\u00a0<a href=\"http:\/\/www.jskd.si\/\">Javni sklad Republike Slovenije za kulturne dejavnosti<\/a><\/p>\n<p><a href=\"https:\/\/i2.wp.com\/www.svoboda-senovo.si\/wp-content\/uploads\/2016\/12\/rudar.png?ssl=1\" data-rel=\"lightbox-image-2\" data-rl_title=\"\" data-rl_caption=\"\" title=\"\"><img data-attachment-id=\"277\" data-permalink=\"https:\/\/www.svoboda-senovo.si\/index.php\/povezave\/rudar\/\" data-orig-file=\"https:\/\/i2.wp.com\/www.svoboda-senovo.si\/wp-content\/uploads\/2016\/12\/rudar.png?fit=443%2C85&amp;ssl=1\" data-orig-size=\"443,85\" data-comments-opened=\"0\" data-image-meta=\"{&quot;aperture&quot;:&quot;0&quot;,&quot;credit&quot;:&quot;&quot;,&quot;camera&quot;:&quot;&quot;,&quot;caption&quot;:&quot;&quot;,&quot;created_timestamp&quot;:&quot;0&quot;,&quot;copyright&quot;:&quot;&quot;,&quot;focal_length&quot;:&quot;0&quot;,&quot;iso&quot;:&quot;0&quot;,&quot;shutter_speed&quot;:&quot;0&quot;,&quot;title&quot;:&quot;&quot;,&quot;orientation&quot;:&quot;0&quot;}\" data-image-title=\"rudar\" data-image-description=\"&lt;p&gt;logotip podjeta Rudar Senovo&lt;\/p&gt;\n\" data-image-caption=\"\" data-medium-file=\"https:\/\/i2.wp.com\/www.svoboda-senovo.si\/wp-content\/uploads\/2016\/12\/rudar.png?fit=300%2C58&amp;ssl=1\" data-large-file=\"https:\/\/i2.wp.com\/www.svoboda-senovo.si\/wp-content\/uploads\/2016\/12\/rudar.png?fit=443%2C85&amp;ssl=1\" loading=\"lazy\" class=\"alignnone size-medium wp-image-277\" src=\"https:\/\/i2.wp.com\/www.svoboda-senovo.si\/wp-content\/uploads\/2016\/12\/rudar.png?resize=300%2C58&#038;ssl=1\" alt=\"\" width=\"300\" height=\"58\" srcset=\"https:\/\/i2.wp.com\/www.svoboda-senovo.si\/wp-content\/uploads\/2016\/12\/rudar.png?resize=300%2C58&amp;ssl=1 300w, https:\/\/i2.wp.com\/www.svoboda-senovo.si\/wp-content\/uploads\/2016\/12\/rudar.png?w=443&amp;ssl=1 443w\" sizes=\"(max-width: 300px) 100vw, 300px\" data-recalc-dims=\"1\" \/><\/a>\u00a0<a href=\"https:\/\/www.rudar.si\">Rudar Senovo<\/a><\/p>\n<p><a href=\"https:\/\/i0.wp.com\/www.svoboda-senovo.si\/wp-content\/uploads\/2016\/12\/metalna_logo.gif?ssl=1\" data-rel=\"lightbox-image-3\" data-rl_title=\"\" data-rl_caption=\"\" title=\"\"><img data-attachment-id=\"278\" data-permalink=\"https:\/\/www.svoboda-senovo.si\/index.php\/povezave\/metalna_logo\/\" data-orig-file=\"https:\/\/i0.wp.com\/www.svoboda-senovo.si\/wp-content\/uploads\/2016\/12\/metalna_logo.gif?fit=200%2C56&amp;ssl=1\" data-orig-size=\"200,56\" data-comments-opened=\"0\" data-image-meta=\"{&quot;aperture&quot;:&quot;0&quot;,&quot;credit&quot;:&quot;&quot;,&quot;camera&quot;:&quot;&quot;,&quot;caption&quot;:&quot;&quot;,&quot;created_timestamp&quot;:&quot;0&quot;,&quot;copyright&quot;:&quot;&quot;,&quot;focal_length&quot;:&quot;0&quot;,&quot;iso&quot;:&quot;0&quot;,&quot;shutter_speed&quot;:&quot;0&quot;,&quot;title&quot;:&quot;&quot;,&quot;orientation&quot;:&quot;0&quot;}\" data-image-title=\"metalna_logo\" data-image-description=\"\" data-image-caption=\"\" data-medium-file=\"https:\/\/i0.wp.com\/www.svoboda-senovo.si\/wp-content\/uploads\/2016\/12\/metalna_logo.gif?fit=200%2C56&amp;ssl=1\" data-large-file=\"https:\/\/i0.wp.com\/www.svoboda-senovo.si\/wp-content\/uploads\/2016\/12\/metalna_logo.gif?fit=200%2C56&amp;ssl=1\" loading=\"lazy\" class=\"alignnone size-full wp-image-278\" src=\"https:\/\/i0.wp.com\/www.svoboda-senovo.si\/wp-content\/uploads\/2016\/12\/metalna_logo.gif?resize=200%2C56&#038;ssl=1\" alt=\"\" width=\"200\" height=\"56\" data-recalc-dims=\"1\" \/><\/a>\u00a0<a href=\"http:\/\/www.metalna-senovo.si\">Metalna Senovo<\/a><\/p>\n<p>Gradbena mehanizacija in prevozni\u0161tvo Jo\u017ee Po\u017eun s.p.<\/p>\n<p>\u010clanstvo v organizacijah:<\/p>\n<p><a href=\"http:\/\/www.zkd-krsko.si\/\"><img data-attachment-id=\"143\" data-permalink=\"https:\/\/www.svoboda-senovo.si\/index.php\/povezave\/zkdk\/\" data-orig-file=\"https:\/\/i1.wp.com\/www.svoboda-senovo.si\/wp-content\/uploads\/2016\/12\/ZKDK.gif?fit=175%2C82&amp;ssl=1\" data-orig-size=\"175,82\" data-comments-opened=\"0\" data-image-meta=\"{&quot;aperture&quot;:&quot;0&quot;,&quot;credit&quot;:&quot;&quot;,&quot;camera&quot;:&quot;&quot;,&quot;caption&quot;:&quot;&quot;,&quot;created_timestamp&quot;:&quot;0&quot;,&quot;copyright&quot;:&quot;&quot;,&quot;focal_length&quot;:&quot;0&quot;,&quot;iso&quot;:&quot;0&quot;,&quot;shutter_speed&quot;:&quot;0&quot;,&quot;title&quot;:&quot;&quot;,&quot;orientation&quot;:&quot;0&quot;}\" data-image-title=\"ZKDK\" data-image-description=\"\" data-image-caption=\"\" data-medium-file=\"https:\/\/i1.wp.com\/www.svoboda-senovo.si\/wp-content\/uploads\/2016\/12\/ZKDK.gif?fit=175%2C82&amp;ssl=1\" data-large-file=\"https:\/\/i1.wp.com\/www.svoboda-senovo.si\/wp-content\/uploads\/2016\/12\/ZKDK.gif?fit=175%2C82&amp;ssl=1\" loading=\"lazy\" class=\"alignnone wp-image-143 size-full\" src=\"https:\/\/i1.wp.com\/www.svoboda-senovo.si\/wp-content\/uploads\/2016\/12\/ZKDK.gif?resize=175%2C82&#038;ssl=1\" width=\"175\" height=\"82\" data-recalc-dims=\"1\" \/><\/a>\u00a0<a href=\"http:\/\/www.zkd-krsko.si\/\">Zveza kulturnih dru\u0161tev Kr\u0161ko<\/a><\/p>\n<p><a href=\"http:\/\/www.zvezaslovenskih-godb.si\/\"><img data-attachment-id=\"142\" data-permalink=\"https:\/\/www.svoboda-senovo.si\/index.php\/povezave\/logo_zsg\/\" data-orig-file=\"https:\/\/i1.wp.com\/www.svoboda-senovo.si\/wp-content\/uploads\/2016\/12\/logo_zsg.gif?fit=94%2C78&amp;ssl=1\" data-orig-size=\"94,78\" data-comments-opened=\"0\" data-image-meta=\"{&quot;aperture&quot;:&quot;0&quot;,&quot;credit&quot;:&quot;&quot;,&quot;camera&quot;:&quot;&quot;,&quot;caption&quot;:&quot;&quot;,&quot;created_timestamp&quot;:&quot;0&quot;,&quot;copyright&quot;:&quot;&quot;,&quot;focal_length&quot;:&quot;0&quot;,&quot;iso&quot;:&quot;0&quot;,&quot;shutter_speed&quot;:&quot;0&quot;,&quot;title&quot;:&quot;&quot;,&quot;orientation&quot;:&quot;0&quot;}\" data-image-title=\"logo_zsg\" data-image-description=\"\" data-image-caption=\"\" data-medium-file=\"https:\/\/i1.wp.com\/www.svoboda-senovo.si\/wp-content\/uploads\/2016\/12\/logo_zsg.gif?fit=94%2C78&amp;ssl=1\" data-large-file=\"https:\/\/i1.wp.com\/www.svoboda-senovo.si\/wp-content\/uploads\/2016\/12\/logo_zsg.gif?fit=94%2C78&amp;ssl=1\" loading=\"lazy\" class=\"alignnone wp-image-142 size-full\" src=\"https:\/\/i1.wp.com\/www.svoboda-senovo.si\/wp-content\/uploads\/2016\/12\/logo_zsg.gif?resize=94%2C78&#038;ssl=1\" width=\"94\" height=\"78\" data-recalc-dims=\"1\" \/><\/a>\u00a0 \u00a0 \u00a0 \u00a0 \u00a0 \u00a0 \u00a0 \u00a0 \u00a0 \u00a0 \u00a0 \u00a0<a href=\"http:\/\/www.zvezaslovenskih-godb.si\/\">Zveza slovenskih godb<\/a><\/p>\n<p>&nbsp;<\/p>\n<p>Sodelujemo z:<\/p>\n<p><a href=\"http:\/\/www.ossenovo.net\/\">Osnovna \u0161ola XIV. divizije Senovo<\/a><\/p>\n","protected":false},"excerpt":{"rendered":"<p>Podpirajo nas: \u00a0 Krajevna skupnost Senovo \u00a0 \u00a0 \u00a0 \u00a0 \u00a0 \u00a0 \u00a0 \u00a0 \u00a0 \u00a0 \u00a0 \u00a0 Ob\u010dina Kr\u0161ko \u00a0 \u00a0 \u00a0 \u00a0Zavarovalnica Triglav \u00a0 Hidroelektrarne na Spodnji Savi \u00a0Nuklearna elektrarna Kr\u0161ko \u00a0Javni&#46;&#46;&#46;<\/p>\n","protected":false},"author":1,"featured_media":0,"parent":0,"menu_order":0,"comment_status":"closed","ping_status":"closed","template":"","meta":{"spay_email":""},"jetpack_sharing_enabled":true,"jetpack_shortlink":"https:\/\/wp.me\/P8fvCk-2a","jetpack-related-posts":[],"_links":{"self":[{"href":"https:\/\/www.svoboda-senovo.si\/index.php\/wp-json\/wp\/v2\/pages\/134"}],"collection":[{"href":"https:\/\/www.svoboda-senovo.si\/index.php\/wp-json\/wp\/v2\/pages"}],"about":[{"href":"https:\/\/www.svoboda-senovo.si\/index.php\/wp-json\/wp\/v2\/types\/page"}],"author":[{"embeddable":true,"href":"https:\/\/www.svoboda-senovo.si\/index.php\/wp-json\/wp\/v2\/users\/1"}],"replies":[{"embeddable":true,"href":"https:\/\/www.svoboda-senovo.si\/index.php\/wp-json\/wp\/v2\/comments?post=134"}],"version-history":[{"count":12,"href":"https:\/\/www.svoboda-senovo.si\/index.php\/wp-json\/wp\/v2\/pages\/134\/revisions"}],"predecessor-version":[{"id":850,"href":"https:\/\/www.svoboda-senovo.si\/index.php\/wp-json\/wp\/v2\/pages\/134\/revisions\/850"}],"wp:attachment":[{"href":"https:\/\/www.svoboda-senovo.si\/index.php\/wp-json\/wp\/v2\/media?parent=134"}],"curies":[{"name":"wp","href":"https:\/\/api.w.org\/{rel}","templated":true}]}}